{"id":557,"date":"2026-04-16T11:54:24","date_gmt":"2026-04-16T11:54:24","guid":{"rendered":"https:\/\/promintra.eu\/?page_id=557"},"modified":"2026-04-17T07:10:06","modified_gmt":"2026-04-17T07:10:06","slug":"tonedistrict-el-hogar-del-tono-boutique-en-europa","status":"publish","type":"page","link":"https:\/\/promintra.eu\/index.php\/es\/tonedistrict-el-hogar-del-tono-boutique-en-europa","title":{"rendered":"ToneDistrict: El Hogar del Tono Boutique en Europa."},"content":{"rendered":"<div class=\"wp-block-image\">\n<figure class=\"aligncenter size-large\"><img loading=\"lazy\" decoding=\"async\" width=\"1024\" height=\"572\" src=\"https:\/\/promintra.eu\/wp-content\/uploads\/2026\/04\/ToneDistrict_YT-grande-1024x572.jpg\" alt=\"\" class=\"wp-image-558\" srcset=\"https:\/\/promintra.eu\/wp-content\/uploads\/2026\/04\/ToneDistrict_YT-grande-1024x572.jpg 1024w, https:\/\/promintra.eu\/wp-content\/uploads\/2026\/04\/ToneDistrict_YT-grande-300x167.jpg 300w, https:\/\/promintra.eu\/wp-content\/uploads\/2026\/04\/ToneDistrict_YT-grande-768x429.jpg 768w, https:\/\/promintra.eu\/wp-content\/uploads\/2026\/04\/ToneDistrict_YT-grande-1536x857.jpg 1536w, https:\/\/promintra.eu\/wp-content\/uploads\/2026\/04\/ToneDistrict_YT-grande-2048x1143.jpg 2048w, https:\/\/promintra.eu\/wp-content\/uploads\/2026\/04\/ToneDistrict_YT-grande-700x391.jpg 700w, https:\/\/promintra.eu\/wp-content\/uploads\/2026\/04\/ToneDistrict_YT-grande-2000x1116.jpg 2000w, https:\/\/promintra.eu\/wp-content\/uploads\/2026\/04\/ToneDistrict_YT-grande-717x400.jpg 717w\" sizes=\"auto, (max-width: 1024px) 100vw, 1024px\" \/><\/figure>\n<\/div>\n\n\n<blockquote class=\"wp-block-quote is-layout-flow wp-block-quote-is-layout-flow\">\n<pre class=\"wp-block-verse has-small-font-size\">Bajo el respaldo log\u00edstico de Promintra, nace ToneDistrict. No somos solo distribuidores; somos curadores de instrumentos excepcionales. Nuestra misi\u00f3n es conectar a los artistas europeos con las marcas m\u00e1s exclusivas del mundo, empezando por la maestr\u00eda de Veritas Guitars.<\/pre>\n<\/blockquote>\n\n\n\n<h2 class=\"wp-block-heading has-text-color has-link-color wp-elements-0fa6d4346fcb7ae36b0ebfadeb4df116\" style=\"color:#243a6b\">La Selecci\u00f3n del Experto<\/h2>\n\n\n\n<p>Hemos elegido a Veritas Guitars para inaugurar nuestro cat\u00e1logo por su inigualable atenci\u00f3n al detalle y su esp\u00edritu innovador desde Portland, Oreg\u00f3n.<\/p>\n\n\n<div class=\"wp-block-image\">\n<figure class=\"aligncenter size-large is-resized\"><a href=\"https:\/\/promintra.eu\/index.php\/es\/distribucion-oficial-veritas-guitars\"><img loading=\"lazy\" decoding=\"async\" width=\"1024\" height=\"298\" src=\"https:\/\/promintra.eu\/wp-content\/uploads\/2026\/04\/VERITAS-antiquegold-1024x298.jpg\" alt=\"\" class=\"wp-image-559\" style=\"aspect-ratio:3.4364612631040656;width:488px;height:auto\" srcset=\"https:\/\/promintra.eu\/wp-content\/uploads\/2026\/04\/VERITAS-antiquegold-1024x298.jpg 1024w, https:\/\/promintra.eu\/wp-content\/uploads\/2026\/04\/VERITAS-antiquegold-300x87.jpg 300w, https:\/\/promintra.eu\/wp-content\/uploads\/2026\/04\/VERITAS-antiquegold-768x224.jpg 768w, https:\/\/promintra.eu\/wp-content\/uploads\/2026\/04\/VERITAS-antiquegold-700x204.jpg 700w, https:\/\/promintra.eu\/wp-content\/uploads\/2026\/04\/VERITAS-antiquegold-1374x400.jpg 1374w, https:\/\/promintra.eu\/wp-content\/uploads\/2026\/04\/VERITAS-antiquegold.jpg 1487w\" sizes=\"auto, (max-width: 1024px) 100vw, 1024px\" \/><\/a><\/figure>\n<\/div>\n\n\n<div style=\"height:38px\" aria-hidden=\"true\" class=\"wp-block-spacer\"><\/div>\n\n\n\n<p>ToneDistrict garantiza que cada <strong><a href=\"https:\/\/promintra.eu\/index.php\/es\/distribucion-oficial-veritas-guitars\" data-type=\"link\" data-id=\"https:\/\/promintra.eu\/index.php\/es\/distribucion-oficial-veritas-guitars\"><mark style=\"background-color:rgba(0, 0, 0, 0);color:#376ca1\" class=\"has-inline-color\">Veritas<\/mark><\/a> <\/strong>que llega a Europa ha pasado por un control de calidad riguroso, asegurando que el est\u00e1ndar boutique se mantenga intacto tras cruzar el Atl\u00e1ntico.<\/p>\n\n\n\n<h2 class=\"wp-block-heading has-text-color has-link-color wp-elements-9ca7e25b351450ac8778a8a55b1b9c2a\" style=\"color:#243a6b\">Curadur\u00eda de Marcas<\/h2>\n\n\n\n<p>Viajamos, probamos y seleccionamos solo aquellas marcas que redefinen el est\u00e1ndar de la industria. ToneDistrict no es solo una red de suministro; es una comunidad para tiendas especializadas y profesionales que no se conforman con lo est\u00e1ndar.<\/p>\n\n\n\n<div class=\"wp-block-media-text is-stacked-on-mobile\"><figure class=\"wp-block-media-text__media\"><img loading=\"lazy\" decoding=\"async\" width=\"1024\" height=\"1024\" src=\"https:\/\/promintra.eu\/wp-content\/uploads\/2026\/04\/IMG_7030.jpeg\" alt=\"\" class=\"wp-image-560 size-full\" srcset=\"https:\/\/promintra.eu\/wp-content\/uploads\/2026\/04\/IMG_7030.jpeg 1024w, https:\/\/promintra.eu\/wp-content\/uploads\/2026\/04\/IMG_7030-300x300.jpeg 300w, https:\/\/promintra.eu\/wp-content\/uploads\/2026\/04\/IMG_7030-150x150.jpeg 150w, https:\/\/promintra.eu\/wp-content\/uploads\/2026\/04\/IMG_7030-768x768.jpeg 768w, https:\/\/promintra.eu\/wp-content\/uploads\/2026\/04\/IMG_7030-700x700.jpeg 700w, https:\/\/promintra.eu\/wp-content\/uploads\/2026\/04\/IMG_7030-100x100.jpeg 100w, https:\/\/promintra.eu\/wp-content\/uploads\/2026\/04\/IMG_7030-400x400.jpeg 400w\" sizes=\"auto, (max-width: 1024px) 100vw, 1024px\" \/><\/figure><div class=\"wp-block-media-text__content\">\n<p>Toda la infraestructura, garant\u00eda y solidez de Promintra SL respalda las operaciones de ToneDistrict, ofreciendo seguridad financiera y rapidez log\u00edstica a nivel continental.<\/p>\n<\/div><\/div>\n\n\n\n<div style=\"height:100px\" aria-hidden=\"true\" class=\"wp-block-spacer\"><\/div>\n\n\n\n<ul class=\"wp-block-social-links aligncenter has-large-icon-size has-icon-background-color is-style-default is-content-justification-center is-layout-flex wp-container-core-social-links-is-layout-16018d1d wp-block-social-links-is-layout-flex\"><li style=\"background-color:#000000;\" class=\"wp-social-link wp-social-link-mail has-black-background-color wp-block-social-link\"><a rel=\"noopener nofollow\" target=\"_blank\" href=\"mailto:inf&#111;&#064;t&#111;&#110;edi&#115;tr&#105;c&#116;.eu\" class=\"wp-block-social-link-anchor\"><svg width=\"24\" height=\"24\" viewBox=\"0 0 24 24\" version=\"1.1\" xmlns=\"http:\/\/www.w3.org\/2000\/svg\" aria-hidden=\"true\" focusable=\"false\"><path d=\"M19,5H5c-1.1,0-2,.9-2,2v10c0,1.1.9,2,2,2h14c1.1,0,2-.9,2-2V7c0-1.1-.9-2-2-2zm.5,12c0,.3-.2.5-.5.5H5c-.3,0-.5-.2-.5-.5V9.8l7.5,5.6,7.5-5.6V17zm0-9.1L12,13.6,4.5,7.9V7c0-.3.2-.5.5-.5h14c.3,0,.5.2.5.5v.9z\"><\/path><\/svg><span class=\"wp-block-social-link-label screen-reader-text\">Correo electr\u00f3nico<\/span><\/a><\/li>\n\n<li style=\"background-color:#000000;\" class=\"wp-social-link wp-social-link-instagram has-black-background-color wp-block-social-link\"><a rel=\"noopener nofollow\" target=\"_blank\" href=\"https:\/\/www.instagram.com\/@tonedistrict\" class=\"wp-block-social-link-anchor\"><svg width=\"24\" height=\"24\" viewBox=\"0 0 24 24\" version=\"1.1\" xmlns=\"http:\/\/www.w3.org\/2000\/svg\" aria-hidden=\"true\" focusable=\"false\"><path d=\"M12,4.622c2.403,0,2.688,0.009,3.637,0.052c0.877,0.04,1.354,0.187,1.671,0.31c0.42,0.163,0.72,0.358,1.035,0.673 c0.315,0.315,0.51,0.615,0.673,1.035c0.123,0.317,0.27,0.794,0.31,1.671c0.043,0.949,0.052,1.234,0.052,3.637 s-0.009,2.688-0.052,3.637c-0.04,0.877-0.187,1.354-0.31,1.671c-0.163,0.42-0.358,0.72-0.673,1.035 c-0.315,0.315-0.615,0.51-1.035,0.673c-0.317,0.123-0.794,0.27-1.671,0.31c-0.949,0.043-1.233,0.052-3.637,0.052 s-2.688-0.009-3.637-0.052c-0.877-0.04-1.354-0.187-1.671-0.31c-0.42-0.163-0.72-0.358-1.035-0.673 c-0.315-0.315-0.51-0.615-0.673-1.035c-0.123-0.317-0.27-0.794-0.31-1.671C4.631,14.688,4.622,14.403,4.622,12 s0.009-2.688,0.052-3.637c0.04-0.877,0.187-1.354,0.31-1.671c0.163-0.42,0.358-0.72,0.673-1.035 c0.315-0.315,0.615-0.51,1.035-0.673c0.317-0.123,0.794-0.27,1.671-0.31C9.312,4.631,9.597,4.622,12,4.622 M12,3 C9.556,3,9.249,3.01,8.289,3.054C7.331,3.098,6.677,3.25,6.105,3.472C5.513,3.702,5.011,4.01,4.511,4.511 c-0.5,0.5-0.808,1.002-1.038,1.594C3.25,6.677,3.098,7.331,3.054,8.289C3.01,9.249,3,9.556,3,12c0,2.444,0.01,2.751,0.054,3.711 c0.044,0.958,0.196,1.612,0.418,2.185c0.23,0.592,0.538,1.094,1.038,1.594c0.5,0.5,1.002,0.808,1.594,1.038 c0.572,0.222,1.227,0.375,2.185,0.418C9.249,20.99,9.556,21,12,21s2.751-0.01,3.711-0.054c0.958-0.044,1.612-0.196,2.185-0.418 c0.592-0.23,1.094-0.538,1.594-1.038c0.5-0.5,0.808-1.002,1.038-1.594c0.222-0.572,0.375-1.227,0.418-2.185 C20.99,14.751,21,14.444,21,12s-0.01-2.751-0.054-3.711c-0.044-0.958-0.196-1.612-0.418-2.185c-0.23-0.592-0.538-1.094-1.038-1.594 c-0.5-0.5-1.002-0.808-1.594-1.038c-0.572-0.222-1.227-0.375-2.185-0.418C14.751,3.01,14.444,3,12,3L12,3z M12,7.378 c-2.552,0-4.622,2.069-4.622,4.622S9.448,16.622,12,16.622s4.622-2.069,4.622-4.622S14.552,7.378,12,7.378z M12,15 c-1.657,0-3-1.343-3-3s1.343-3,3-3s3,1.343,3,3S13.657,15,12,15z M16.804,6.116c-0.596,0-1.08,0.484-1.08,1.08 s0.484,1.08,1.08,1.08c0.596,0,1.08-0.484,1.08-1.08S17.401,6.116,16.804,6.116z\"><\/path><\/svg><span class=\"wp-block-social-link-label screen-reader-text\">Instagram<\/span><\/a><\/li>\n\n<li style=\"background-color:#000000;\" class=\"wp-social-link wp-social-link-youtube has-black-background-color wp-block-social-link\"><a rel=\"noopener nofollow\" target=\"_blank\" href=\"https:\/\/www.youtube.com\/@ToneDistrictEU\" class=\"wp-block-social-link-anchor\"><svg width=\"24\" height=\"24\" viewBox=\"0 0 24 24\" version=\"1.1\" xmlns=\"http:\/\/www.w3.org\/2000\/svg\" aria-hidden=\"true\" focusable=\"false\"><path d=\"M21.8,8.001c0,0-0.195-1.378-0.795-1.985c-0.76-0.797-1.613-0.801-2.004-0.847c-2.799-0.202-6.997-0.202-6.997-0.202 h-0.009c0,0-4.198,0-6.997,0.202C4.608,5.216,3.756,5.22,2.995,6.016C2.395,6.623,2.2,8.001,2.2,8.001S2,9.62,2,11.238v1.517 c0,1.618,0.2,3.237,0.2,3.237s0.195,1.378,0.795,1.985c0.761,0.797,1.76,0.771,2.205,0.855c1.6,0.153,6.8,0.201,6.8,0.201 s4.203-0.006,7.001-0.209c0.391-0.047,1.243-0.051,2.004-0.847c0.6-0.607,0.795-1.985,0.795-1.985s0.2-1.618,0.2-3.237v-1.517 C22,9.62,21.8,8.001,21.8,8.001z M9.935,14.594l-0.001-5.62l5.404,2.82L9.935,14.594z\"><\/path><\/svg><span class=\"wp-block-social-link-label screen-reader-text\">YouTube<\/span><\/a><\/li><\/ul>\n\n\n\n<p><\/p>\n","protected":false},"excerpt":{"rendered":"<p>Bajo el respaldo log\u00edstico de Promintra, nace ToneDistrict. No somos solo distribuidores; somos curadores de instrumentos excepcionales. Nuestra misi\u00f3n es conectar a los artistas europeos con las marcas m\u00e1s exclusivas del mundo, empezando por la maestr\u00eda de Veritas Guitars. La Selecci\u00f3n del Experto Hemos elegido a Veritas Guitars para inaugurar nuestro cat\u00e1logo por su inigualable &hellip; <a href=\"https:\/\/promintra.eu\/index.php\/es\/tonedistrict-el-hogar-del-tono-boutique-en-europa\" class=\"more-link\">Seguir leyendo <span class=\"screen-reader-text\">ToneDistrict: El Hogar del Tono Boutique en Europa.<\/span> <span class=\"meta-nav\">&rarr;<\/span><\/a><\/p>\n","protected":false},"author":1,"featured_media":0,"parent":0,"menu_order":0,"comment_status":"closed","ping_status":"closed","template":"","meta":{"footnotes":""},"class_list":["post-557","page","type-page","status-publish","hentry"],"_links":{"self":[{"href":"https:\/\/promintra.eu\/index.php\/wp-json\/wp\/v2\/pages\/557","targetHints":{"allow":["GET"]}}],"collection":[{"href":"https:\/\/promintra.eu\/index.php\/wp-json\/wp\/v2\/pages"}],"about":[{"href":"https:\/\/promintra.eu\/index.php\/wp-json\/wp\/v2\/types\/page"}],"author":[{"embeddable":true,"href":"https:\/\/promintra.eu\/index.php\/wp-json\/wp\/v2\/users\/1"}],"replies":[{"embeddable":true,"href":"https:\/\/promintra.eu\/index.php\/wp-json\/wp\/v2\/comments?post=557"}],"version-history":[{"count":12,"href":"https:\/\/promintra.eu\/index.php\/wp-json\/wp\/v2\/pages\/557\/revisions"}],"predecessor-version":[{"id":578,"href":"https:\/\/promintra.eu\/index.php\/wp-json\/wp\/v2\/pages\/557\/revisions\/578"}],"wp:attachment":[{"href":"https:\/\/promintra.eu\/index.php\/wp-json\/wp\/v2\/media?parent=557"}],"curies":[{"name":"wp","href":"https:\/\/api.w.org\/{rel}","templated":true}]}}