{"id":30,"date":"2021-11-10T13:53:36","date_gmt":"2021-11-10T13:53:36","guid":{"rendered":"https:\/\/promintra.eu\/?page_id=30"},"modified":"2021-11-11T14:30:13","modified_gmt":"2021-11-11T14:30:13","slug":"quienes-somos","status":"publish","type":"page","link":"https:\/\/promintra.eu\/index.php\/es\/quienes-somos","title":{"rendered":"HISTORIA DE LA COMPA\u00d1\u00cdA"},"content":{"rendered":"\n<p>Promintra fue fundada en Barcelona en 1965 por Werner Eberli de origen Suizo. Desde sus inicios estuvo activa en la importaci\u00f3n, exportaci\u00f3n y distribuci\u00f3n de art\u00edculos de consumo y componentes para diferentes industrias. Simult\u00e1neamente, se inici\u00f3 la representaci\u00f3n de fabricantes europeos y de EE.UU. interesados en encontrar clientes en Espa\u00f1a.<\/p>\n\n\n\n<p>El comercio internacional ha experimentado m\u00faltiples cambios en todos estos a\u00f1os desde 1965 lo cual ha exigido un gran grado de adaptaci\u00f3n. Lo que era constante era el af\u00e1n de Promintra de mantener la integridad y la vocaci\u00f3n de servicio a sus clientes y representadas.<\/p>\n\n\n\n<p>Nuestro lema ha sido siempre EXCELENCIA en todas nuestras actividades. Queremos mantener en el futuro nuestros valores y luchar para dar en todo momento un servicio impecable. Tenemos un equipo humano motivado y que apoya totalmente la filosof\u00eda de la empresa.<\/p>\n","protected":false},"excerpt":{"rendered":"<p>Promintra fue fundada en Barcelona en 1965 por Werner Eberli de origen Suizo. Desde sus inicios estuvo activa en la importaci\u00f3n, exportaci\u00f3n y distribuci\u00f3n de art\u00edculos de consumo y componentes para diferentes industrias. Simult\u00e1neamente, se inici\u00f3 la representaci\u00f3n de fabricantes europeos y de EE.UU. interesados en encontrar clientes en Espa\u00f1a. El comercio internacional ha experimentado &hellip; <a href=\"https:\/\/promintra.eu\/index.php\/es\/quienes-somos\" class=\"more-link\">Seguir leyendo <span class=\"screen-reader-text\">HISTORIA DE LA COMPA\u00d1\u00cdA<\/span> <span class=\"meta-nav\">&rarr;<\/span><\/a><\/p>\n","protected":false},"author":1,"featured_media":0,"parent":0,"menu_order":0,"comment_status":"closed","ping_status":"closed","template":"","meta":{"footnotes":""},"class_list":["post-30","page","type-page","status-publish","hentry"],"_links":{"self":[{"href":"https:\/\/promintra.eu\/index.php\/wp-json\/wp\/v2\/pages\/30","targetHints":{"allow":["GET"]}}],"collection":[{"href":"https:\/\/promintra.eu\/index.php\/wp-json\/wp\/v2\/pages"}],"about":[{"href":"https:\/\/promintra.eu\/index.php\/wp-json\/wp\/v2\/types\/page"}],"author":[{"embeddable":true,"href":"https:\/\/promintra.eu\/index.php\/wp-json\/wp\/v2\/users\/1"}],"replies":[{"embeddable":true,"href":"https:\/\/promintra.eu\/index.php\/wp-json\/wp\/v2\/comments?post=30"}],"version-history":[{"count":4,"href":"https:\/\/promintra.eu\/index.php\/wp-json\/wp\/v2\/pages\/30\/revisions"}],"predecessor-version":[{"id":162,"href":"https:\/\/promintra.eu\/index.php\/wp-json\/wp\/v2\/pages\/30\/revisions\/162"}],"wp:attachment":[{"href":"https:\/\/promintra.eu\/index.php\/wp-json\/wp\/v2\/media?parent=30"}],"curies":[{"name":"wp","href":"https:\/\/api.w.org\/{rel}","templated":true}]}}