{"id":271,"date":"2021-11-15T15:53:08","date_gmt":"2021-11-15T15:53:08","guid":{"rendered":"https:\/\/promintra.eu\/?page_id=271"},"modified":"2021-11-15T15:53:08","modified_gmt":"2021-11-15T15:53:08","slug":"contacte","status":"publish","type":"page","link":"https:\/\/promintra.eu\/index.php\/ca\/contacte","title":{"rendered":"CONTACTE"},"content":{"rendered":"\n<p>Sisplau, seleccioni el departament al que desitja dirigir-se i faci \u00abclic\u00bb a l&#8217;adre\u00e7a d&#8217;email de l&#8217;esmentat departament per a posar-se en contacte amb nosaltres.<\/p>\n\n\n\n<p>Tan aviat com ens sigui possible respondrem al seu missatge.<\/p>\n\n\n\n<ul class=\"wp-block-list\"><li><strong>Divisi\u00f3 Industrial<\/strong> &#8211; in<a href=\"mailto:dustrial@promintra.com\" data-type=\"mailto\" data-id=\"mailto:dustrial@promintra.com\">dustrial@promintra.com<\/a><\/li><li><strong>Divisi\u00f3 T\u00e8xtil<\/strong> &#8211; <a href=\"mailto:textil@promintra.com\" data-type=\"mailto\" data-id=\"mailto:textil@promintra.com\">textil@promintra.com<\/a><\/li><li><strong>Divisi\u00f3 Articles de Consum<\/strong> &#8211; <a href=\"mailto:consumo@promintra.com\" data-type=\"mailto\" data-id=\"mailto:consumo@promintra.com\">consumo@promintra.com<\/a><\/li><\/ul>\n","protected":false},"excerpt":{"rendered":"<p>Sisplau, seleccioni el departament al que desitja dirigir-se i faci \u00abclic\u00bb a l&#8217;adre\u00e7a d&#8217;email de l&#8217;esmentat departament per a posar-se en contacte amb nosaltres. Tan aviat com ens sigui possible respondrem al seu missatge. Divisi\u00f3 Industrial &#8211; industrial@promintra.com Divisi\u00f3 T\u00e8xtil &#8211; textil@promintra.com Divisi\u00f3 Articles de Consum &#8211; consumo@promintra.com<\/p>\n","protected":false},"author":1,"featured_media":0,"parent":0,"menu_order":0,"comment_status":"closed","ping_status":"closed","template":"","meta":{"footnotes":""},"class_list":["post-271","page","type-page","status-publish","hentry"],"_links":{"self":[{"href":"https:\/\/promintra.eu\/index.php\/wp-json\/wp\/v2\/pages\/271","targetHints":{"allow":["GET"]}}],"collection":[{"href":"https:\/\/promintra.eu\/index.php\/wp-json\/wp\/v2\/pages"}],"about":[{"href":"https:\/\/promintra.eu\/index.php\/wp-json\/wp\/v2\/types\/page"}],"author":[{"embeddable":true,"href":"https:\/\/promintra.eu\/index.php\/wp-json\/wp\/v2\/users\/1"}],"replies":[{"embeddable":true,"href":"https:\/\/promintra.eu\/index.php\/wp-json\/wp\/v2\/comments?post=271"}],"version-history":[{"count":2,"href":"https:\/\/promintra.eu\/index.php\/wp-json\/wp\/v2\/pages\/271\/revisions"}],"predecessor-version":[{"id":275,"href":"https:\/\/promintra.eu\/index.php\/wp-json\/wp\/v2\/pages\/271\/revisions\/275"}],"wp:attachment":[{"href":"https:\/\/promintra.eu\/index.php\/wp-json\/wp\/v2\/media?parent=271"}],"curies":[{"name":"wp","href":"https:\/\/api.w.org\/{rel}","templated":true}]}}