{"id":267,"date":"2021-11-15T15:49:36","date_gmt":"2021-11-15T15:49:36","guid":{"rendered":"https:\/\/promintra.eu\/?page_id=267"},"modified":"2026-04-09T12:12:17","modified_gmt":"2026-04-09T12:12:17","slug":"agencies-2","status":"publish","type":"page","link":"https:\/\/promintra.eu\/index.php\/ca\/agencies-2","title":{"rendered":"AG\u00c8NCIES"},"content":{"rendered":"\n<h2 class=\"wp-block-heading\">DIVISI\u00d3 INDUSTRIAL<\/h2>\n\n\n\n<ul class=\"wp-block-list\">\n<li>Filtres, puntes, boles, tintes, recanvis i m\u00e0quines autom\u00e0tiques de muntatge per a tot tipus d&#8217;articles d&#8217;escriptura<\/li>\n\n\n\n<li>Metxes per a ambientadors<\/li>\n\n\n\n<li>Filtres amb diferents aplicacions en el camp m\u00e8dic i cient\u00edfic\/anal\u00edtic<\/li>\n<\/ul>\n\n\n\n<h2 class=\"wp-block-heading\">DIVISI\u00d3 D&#8217;ARTICLES DE CONSUM<\/h2>\n\n\n\n<ul class=\"wp-block-list\">\n<li>Marcadors, bol\u00edgrafs, \u00abrollers\u00bb<\/li>\n\n\n\n<li>Pastilles, l\u00edquids y gel d&#8217;enc\u00e8s per a barbacoes i estufes<\/li>\n\n\n\n<li>Troncs i articles de neteja per a barbacoes i estufes<\/li>\n\n\n\n<li>Filtres d&#8217;aigua<\/li>\n<\/ul>\n\n\n\n<h2 class=\"wp-block-heading\">DIVISI\u00d3 T\u00c8XTIL LLAR<\/h2>\n\n\n\n<ul class=\"wp-block-list\">\n<li>Tovalloles i barnussos<\/li>\n<\/ul>\n\n\n\n<h2 class=\"wp-block-heading\">DIVISI\u00d3 DISTRIBU\u00cfDOR MUSICAL<\/h2>\n\n\n\n<ul class=\"wp-block-list\">\n<li><a href=\"https:\/\/promintra.eu\/index.php\/ca\/distribucion-oficial-veritas-guitars-3\">Veritas Custom Guitars<\/a><\/li>\n<\/ul>\n\n\n\n<p><\/p>\n","protected":false},"excerpt":{"rendered":"<p>DIVISI\u00d3 INDUSTRIAL DIVISI\u00d3 D&#8217;ARTICLES DE CONSUM DIVISI\u00d3 T\u00c8XTIL LLAR DIVISI\u00d3 DISTRIBU\u00cfDOR MUSICAL<\/p>\n","protected":false},"author":1,"featured_media":0,"parent":0,"menu_order":0,"comment_status":"closed","ping_status":"closed","template":"","meta":{"footnotes":""},"class_list":["post-267","page","type-page","status-publish","hentry"],"_links":{"self":[{"href":"https:\/\/promintra.eu\/index.php\/wp-json\/wp\/v2\/pages\/267","targetHints":{"allow":["GET"]}}],"collection":[{"href":"https:\/\/promintra.eu\/index.php\/wp-json\/wp\/v2\/pages"}],"about":[{"href":"https:\/\/promintra.eu\/index.php\/wp-json\/wp\/v2\/types\/page"}],"author":[{"embeddable":true,"href":"https:\/\/promintra.eu\/index.php\/wp-json\/wp\/v2\/users\/1"}],"replies":[{"embeddable":true,"href":"https:\/\/promintra.eu\/index.php\/wp-json\/wp\/v2\/comments?post=267"}],"version-history":[{"count":3,"href":"https:\/\/promintra.eu\/index.php\/wp-json\/wp\/v2\/pages\/267\/revisions"}],"predecessor-version":[{"id":552,"href":"https:\/\/promintra.eu\/index.php\/wp-json\/wp\/v2\/pages\/267\/revisions\/552"}],"wp:attachment":[{"href":"https:\/\/promintra.eu\/index.php\/wp-json\/wp\/v2\/media?parent=267"}],"curies":[{"name":"wp","href":"https:\/\/api.w.org\/{rel}","templated":true}]}}