{"id":258,"date":"2021-11-15T15:36:53","date_gmt":"2021-11-15T15:36:53","guid":{"rendered":"https:\/\/promintra.eu\/?page_id=258"},"modified":"2021-11-15T15:39:38","modified_gmt":"2021-11-15T15:39:38","slug":"historia-de-la-companyia","status":"publish","type":"page","link":"https:\/\/promintra.eu\/index.php\/ca\/historia-de-la-companyia","title":{"rendered":"HIST\u00d2RIA DE LA COMPANYIA"},"content":{"rendered":"\n<p>Promintra va ser fundada a Barcelona el 1965 per Werner Eberli, d&#8217;origen Su\u00eds. Des dels seus inicis va estar activa en la importaci\u00f3, exportaci\u00f3 i distribuci\u00f3 d&#8217;articles de consum i components per a diferents industries. Simult\u00e0niament es va iniciar la representaci\u00f3 de fabricants europees y dels EUA interessats en trobar clients a Espanya.<\/p>\n\n\n\n<p>El comer\u00e7 internacional ha experimentat importants canvis en tots aquests anys des de 1965 el qual ha exigit un gran grau d&#8217;adaptaci\u00f3 al mateix. El que sempre era constant f\u00f3ra l&#8217;afany de Promintra a mantenir la integritat i la vocaci\u00f3 de servei als seus clients i representades.<\/p>\n\n\n\n<p>El nostre lema ha estat sempre EXCEL\u00b7L\u00c8NCIA en totes les nostres activitats. Volem mantenir en el futur els nostres valors i lluitar per a donar en tot moment un servei impecable. Tenim un equip hum\u00e0 motivat que d\u00f3na suport totalment la filosofia de l&#8217;empresa.<\/p>\n","protected":false},"excerpt":{"rendered":"<p>Promintra va ser fundada a Barcelona el 1965 per Werner Eberli, d&#8217;origen Su\u00eds. Des dels seus inicis va estar activa en la importaci\u00f3, exportaci\u00f3 i distribuci\u00f3 d&#8217;articles de consum i components per a diferents industries. Simult\u00e0niament es va iniciar la representaci\u00f3 de fabricants europees y dels EUA interessats en trobar clients a Espanya. El comer\u00e7 &hellip; <a href=\"https:\/\/promintra.eu\/index.php\/ca\/historia-de-la-companyia\" class=\"more-link\">Seguir leyendo <span class=\"screen-reader-text\">HIST\u00d2RIA DE LA COMPANYIA<\/span> <span class=\"meta-nav\">&rarr;<\/span><\/a><\/p>\n","protected":false},"author":1,"featured_media":0,"parent":0,"menu_order":0,"comment_status":"closed","ping_status":"closed","template":"","meta":{"footnotes":""},"class_list":["post-258","page","type-page","status-publish","hentry"],"_links":{"self":[{"href":"https:\/\/promintra.eu\/index.php\/wp-json\/wp\/v2\/pages\/258","targetHints":{"allow":["GET"]}}],"collection":[{"href":"https:\/\/promintra.eu\/index.php\/wp-json\/wp\/v2\/pages"}],"about":[{"href":"https:\/\/promintra.eu\/index.php\/wp-json\/wp\/v2\/types\/page"}],"author":[{"embeddable":true,"href":"https:\/\/promintra.eu\/index.php\/wp-json\/wp\/v2\/users\/1"}],"replies":[{"embeddable":true,"href":"https:\/\/promintra.eu\/index.php\/wp-json\/wp\/v2\/comments?post=258"}],"version-history":[{"count":1,"href":"https:\/\/promintra.eu\/index.php\/wp-json\/wp\/v2\/pages\/258\/revisions"}],"predecessor-version":[{"id":259,"href":"https:\/\/promintra.eu\/index.php\/wp-json\/wp\/v2\/pages\/258\/revisions\/259"}],"wp:attachment":[{"href":"https:\/\/promintra.eu\/index.php\/wp-json\/wp\/v2\/media?parent=258"}],"curies":[{"name":"wp","href":"https:\/\/api.w.org\/{rel}","templated":true}]}}