{"id":201,"date":"2021-11-12T09:42:37","date_gmt":"2021-11-12T09:42:37","guid":{"rendered":"https:\/\/promintra.eu\/?page_id=201"},"modified":"2026-04-09T12:13:16","modified_gmt":"2026-04-09T12:13:16","slug":"agenturen","status":"publish","type":"page","link":"https:\/\/promintra.eu\/index.php\/de\/agenturen","title":{"rendered":"AGENTUREN"},"content":{"rendered":"\n<h2 class=\"wp-block-heading has-black-color has-text-color\">INDUSTRIELLE ABTEILUNG<\/h2>\n\n\n\n<ul class=\"wp-block-list\">\n<li>Filter Montagemaschinen f\u00fcr Schreibger\u00e4te<\/li>\n\n\n\n<li>Dochte f\u00fcr Lufterfrischer<\/li>\n\n\n\n<li>Filter f\u00fcr verschiedene Anwendungen in Medizin\/Wissenschaft und Analyse<\/li>\n<\/ul>\n\n\n\n<h2 class=\"wp-block-heading has-black-color has-text-color\">KONSUMG\u00dcTER ABTEILUNG<\/h2>\n\n\n\n<ul class=\"wp-block-list\">\n<li>Filzstifte<\/li>\n\n\n\n<li>Z\u00fcndw\u00fcrfel, Fl\u00fcssiganz\u00fcnder und Gel f\u00fcr Grill und \u00d6fen<\/li>\n\n\n\n<li>Wasserfilter<\/li>\n<\/ul>\n\n\n\n<h2 class=\"wp-block-heading has-black-color has-text-color\">HEIMTEXTIL ABTEILUNG<\/h2>\n\n\n\n<ul class=\"wp-block-list\">\n<li>Hand- und Badet\u00fccher<\/li>\n<\/ul>\n\n\n\n<h2 class=\"wp-block-heading has-black-color has-text-color\">MUSIKVERTRIEB<\/h2>\n\n\n\n<ul class=\"wp-block-list\">\n<li><a href=\"https:\/\/promintra.eu\/index.php\/de\/distribucion-oficial-veritas-guitars-1\">Veritas Custom Guitars<\/a><\/li>\n<\/ul>\n","protected":false},"excerpt":{"rendered":"<p>INDUSTRIELLE ABTEILUNG KONSUMG\u00dcTER ABTEILUNG HEIMTEXTIL ABTEILUNG MUSIKVERTRIEB<\/p>\n","protected":false},"author":1,"featured_media":0,"parent":0,"menu_order":0,"comment_status":"closed","ping_status":"closed","template":"","meta":{"footnotes":""},"class_list":["post-201","page","type-page","status-publish","hentry"],"_links":{"self":[{"href":"https:\/\/promintra.eu\/index.php\/wp-json\/wp\/v2\/pages\/201","targetHints":{"allow":["GET"]}}],"collection":[{"href":"https:\/\/promintra.eu\/index.php\/wp-json\/wp\/v2\/pages"}],"about":[{"href":"https:\/\/promintra.eu\/index.php\/wp-json\/wp\/v2\/types\/page"}],"author":[{"embeddable":true,"href":"https:\/\/promintra.eu\/index.php\/wp-json\/wp\/v2\/users\/1"}],"replies":[{"embeddable":true,"href":"https:\/\/promintra.eu\/index.php\/wp-json\/wp\/v2\/comments?post=201"}],"version-history":[{"count":6,"href":"https:\/\/promintra.eu\/index.php\/wp-json\/wp\/v2\/pages\/201\/revisions"}],"predecessor-version":[{"id":555,"href":"https:\/\/promintra.eu\/index.php\/wp-json\/wp\/v2\/pages\/201\/revisions\/555"}],"wp:attachment":[{"href":"https:\/\/promintra.eu\/index.php\/wp-json\/wp\/v2\/media?parent=201"}],"curies":[{"name":"wp","href":"https:\/\/api.w.org\/{rel}","templated":true}]}}