{"id":196,"date":"2021-11-12T09:34:06","date_gmt":"2021-11-12T09:34:06","guid":{"rendered":"https:\/\/promintra.eu\/?page_id=196"},"modified":"2021-11-12T09:59:36","modified_gmt":"2021-11-12T09:59:36","slug":"import","status":"publish","type":"page","link":"https:\/\/promintra.eu\/index.php\/de\/import","title":{"rendered":"IMPORT"},"content":{"rendered":"\n<p>In den 80er Jahren begann Promintra Dampfreinigungsmaschinen aus Italien zu importieren , aber seit dem Eintritt eines der jetzigen Partners im Jahre 1992 hat sich dieser Gesch\u00e4ftszweig stark entwickelt. Heute ist Promintra in ganz Spanien als verl\u00e4sslicher Lieferant von K\u00fcchenutensilien, Hausrat, kleine elektrische Haushaltger\u00e4te und Artikel f\u00fcr Verkaufsf\u00f6rderungen bekannt, nicht nur unter dem Namen Promintra sondern auch unter der Gesch\u00e4ftsbezeichnung \u201eMenaje.net\u201c. In den verschiedenen Katalogen der Hersteller f\u00fcr welche Promintra t\u00e4tig ist, gibt es \u00fcber 13.000 Artikel.<\/p>\n\n\n\n<p>Die K\u00fcchenutensilien (Kochtopfsets, Bestecke, Messer etc.) sind innerhalb von 24 Stunden lieferbar. Andere Artikel liefern wir oft direkt ab unserem Warenlager im Norden Europas. Alle unsere Lieferungen werden frei Haus des Kunden und innerhalb einer Woche ausgef\u00fchrt.<\/p>\n\n\n\n<p>Alle Artikel, welche Promintra verkauft , haben einen gemeinsamen Nenner: Bestes Qualit\u00e4t\/Preis Verh\u00e4ltnis . Unser Slogan ist: \u201eDie besten K\u00fcchenutensilien zum g\u00fcnstigsten Preis\u201c.<\/p>\n\n\n\n<p>Die meistverkauften und attraktivsten Artikel k\u00f6nnen in den on-line <a href=\"http:\/\/www.menaje.net\" data-type=\"URL\" data-id=\"http:\/\/www.menaje.net\">Katalogen<\/a><\/p>\n","protected":false},"excerpt":{"rendered":"<p>In den 80er Jahren begann Promintra Dampfreinigungsmaschinen aus Italien zu importieren , aber seit dem Eintritt eines der jetzigen Partners im Jahre 1992 hat sich dieser Gesch\u00e4ftszweig stark entwickelt. Heute ist Promintra in ganz Spanien als verl\u00e4sslicher Lieferant von K\u00fcchenutensilien, Hausrat, kleine elektrische Haushaltger\u00e4te und Artikel f\u00fcr Verkaufsf\u00f6rderungen bekannt, nicht nur unter dem Namen Promintra &hellip; <a href=\"https:\/\/promintra.eu\/index.php\/de\/import\" class=\"more-link\">Seguir leyendo <span class=\"screen-reader-text\">IMPORT<\/span> <span class=\"meta-nav\">&rarr;<\/span><\/a><\/p>\n","protected":false},"author":1,"featured_media":0,"parent":0,"menu_order":0,"comment_status":"closed","ping_status":"closed","template":"","meta":{"footnotes":""},"class_list":["post-196","page","type-page","status-publish","hentry"],"_links":{"self":[{"href":"https:\/\/promintra.eu\/index.php\/wp-json\/wp\/v2\/pages\/196","targetHints":{"allow":["GET"]}}],"collection":[{"href":"https:\/\/promintra.eu\/index.php\/wp-json\/wp\/v2\/pages"}],"about":[{"href":"https:\/\/promintra.eu\/index.php\/wp-json\/wp\/v2\/types\/page"}],"author":[{"embeddable":true,"href":"https:\/\/promintra.eu\/index.php\/wp-json\/wp\/v2\/users\/1"}],"replies":[{"embeddable":true,"href":"https:\/\/promintra.eu\/index.php\/wp-json\/wp\/v2\/comments?post=196"}],"version-history":[{"count":4,"href":"https:\/\/promintra.eu\/index.php\/wp-json\/wp\/v2\/pages\/196\/revisions"}],"predecessor-version":[{"id":214,"href":"https:\/\/promintra.eu\/index.php\/wp-json\/wp\/v2\/pages\/196\/revisions\/214"}],"wp:attachment":[{"href":"https:\/\/promintra.eu\/index.php\/wp-json\/wp\/v2\/media?parent=196"}],"curies":[{"name":"wp","href":"https:\/\/api.w.org\/{rel}","templated":true}]}}