{"id":190,"date":"2021-11-12T09:28:57","date_gmt":"2021-11-12T09:28:57","guid":{"rendered":"https:\/\/promintra.eu\/?page_id=190"},"modified":"2021-11-12T09:29:10","modified_gmt":"2021-11-12T09:29:10","slug":"firmengeschichte","status":"publish","type":"page","link":"https:\/\/promintra.eu\/index.php\/de\/firmengeschichte","title":{"rendered":"FIRMENGESCHICHTE"},"content":{"rendered":"\n<p>Promintra wurde 1965 in Barcelona von Werner Eberli, einem Schweizer, gegr\u00fcndet. Seit Beginn erstreckten sich die Aktivit\u00e4ten von Promintra auf Import, Export und Vertrieb von Konsumg\u00fctern und Komponenten f\u00fcr verschiedene Industrien. Gleichzeitig wurden Kontakte aufgenommen mit europ\u00e4ischen und amerikanischen Unternehmen, welche ihre Produkte in Spanien verkaufen wollten.<\/p>\n\n\n\n<p>Der internationale Handel hat enorme Ver\u00e4nderungen \u00fcber die Jahre seit 1965 erfahren, was eine grosse Flexibilit\u00e4t und Anpassung verlangte. Was aber \u00fcber diese Jahre konstant blieb, war unser st\u00e4ndiges Bestreben unsere Integrit\u00e4t und Dienst f\u00fcr unseren Kunden aufrecht zu erhalten.<\/p>\n\n\n\n<p>Unser Motto war immer HERVORRAGENDE LEISTUNG in allen unserer Aktivit\u00e4ten. Wir wollen auch in Zukunft unsere Werte und einen einwandfreien Dienst aufrecht erhalten. Unser motiviertes Team bef\u00fcrwortet und lebt diese Firmenphilosophie.<\/p>\n\n\n\n<p><\/p>\n\n\n\n<p><\/p>\n","protected":false},"excerpt":{"rendered":"<p>Promintra wurde 1965 in Barcelona von Werner Eberli, einem Schweizer, gegr\u00fcndet. Seit Beginn erstreckten sich die Aktivit\u00e4ten von Promintra auf Import, Export und Vertrieb von Konsumg\u00fctern und Komponenten f\u00fcr verschiedene Industrien. Gleichzeitig wurden Kontakte aufgenommen mit europ\u00e4ischen und amerikanischen Unternehmen, welche ihre Produkte in Spanien verkaufen wollten. Der internationale Handel hat enorme Ver\u00e4nderungen \u00fcber die &hellip; <a href=\"https:\/\/promintra.eu\/index.php\/de\/firmengeschichte\" class=\"more-link\">Seguir leyendo <span class=\"screen-reader-text\">FIRMENGESCHICHTE<\/span> <span class=\"meta-nav\">&rarr;<\/span><\/a><\/p>\n","protected":false},"author":1,"featured_media":0,"parent":0,"menu_order":0,"comment_status":"closed","ping_status":"closed","template":"","meta":{"footnotes":""},"class_list":["post-190","page","type-page","status-publish","hentry"],"_links":{"self":[{"href":"https:\/\/promintra.eu\/index.php\/wp-json\/wp\/v2\/pages\/190","targetHints":{"allow":["GET"]}}],"collection":[{"href":"https:\/\/promintra.eu\/index.php\/wp-json\/wp\/v2\/pages"}],"about":[{"href":"https:\/\/promintra.eu\/index.php\/wp-json\/wp\/v2\/types\/page"}],"author":[{"embeddable":true,"href":"https:\/\/promintra.eu\/index.php\/wp-json\/wp\/v2\/users\/1"}],"replies":[{"embeddable":true,"href":"https:\/\/promintra.eu\/index.php\/wp-json\/wp\/v2\/comments?post=190"}],"version-history":[{"count":1,"href":"https:\/\/promintra.eu\/index.php\/wp-json\/wp\/v2\/pages\/190\/revisions"}],"predecessor-version":[{"id":192,"href":"https:\/\/promintra.eu\/index.php\/wp-json\/wp\/v2\/pages\/190\/revisions\/192"}],"wp:attachment":[{"href":"https:\/\/promintra.eu\/index.php\/wp-json\/wp\/v2\/media?parent=190"}],"curies":[{"name":"wp","href":"https:\/\/api.w.org\/{rel}","templated":true}]}}