{"id":185,"date":"2021-11-12T09:03:24","date_gmt":"2021-11-12T09:03:24","guid":{"rendered":"https:\/\/promintra.eu\/?page_id=185"},"modified":"2021-11-17T11:18:24","modified_gmt":"2021-11-17T11:18:24","slug":"agentur-von-weltweit-tatigen-firmen","status":"publish","type":"page","link":"https:\/\/promintra.eu\/index.php\/de\/agentur-von-weltweit-tatigen-firmen","title":{"rendered":"AGENTUR VON WELTWEIT T\u00c4TIGEN FIRMEN"},"content":{"rendered":"\n<div class=\"wp-block-cover has-background-dim\" style=\"min-height:272px;aspect-ratio:unset;\"><img loading=\"lazy\" decoding=\"async\" width=\"780\" height=\"497\" class=\"wp-block-cover__image-background wp-image-84\" alt=\"\" src=\"https:\/\/promintra.eu\/wp-content\/uploads\/2021\/11\/prueba1-1.jpg\" data-object-fit=\"cover\" srcset=\"https:\/\/promintra.eu\/wp-content\/uploads\/2021\/11\/prueba1-1.jpg 780w, https:\/\/promintra.eu\/wp-content\/uploads\/2021\/11\/prueba1-1-300x191.jpg 300w, https:\/\/promintra.eu\/wp-content\/uploads\/2021\/11\/prueba1-1-768x489.jpg 768w, https:\/\/promintra.eu\/wp-content\/uploads\/2021\/11\/prueba1-1-700x446.jpg 700w, https:\/\/promintra.eu\/wp-content\/uploads\/2021\/11\/prueba1-1-628x400.jpg 628w\" sizes=\"auto, (max-width: 780px) 100vw, 780px\" \/><div class=\"wp-block-cover__inner-container is-layout-flow wp-block-cover-is-layout-flow\">\n<p class=\"has-text-align-center has-medium-font-size\">WIR BEGR\u00dcSSEN SIE AUF DER NEUEN PROMINTRA-WEBSITE<\/p>\n\n\n\n<div class=\"wp-block-buttons is-content-justification-center is-layout-flex wp-block-buttons-is-layout-flex\">\n<div class=\"wp-block-button has-custom-font-size\" style=\"font-size:12px\"><a class=\"wp-block-button__link\" href=\"https:\/\/promintra.eu\/index.php\/de\/firmengeschichte\">Mehr Informationen<\/a><\/div>\n<\/div>\n<\/div><\/div>\n\n\n\n<h2 class=\"has-text-align-center has-black-color has-text-color wp-block-heading\">HANDELSVERTRETER F\u00dcR UNTERNEHMEN AUF DER GANZEN WELT<\/h2>\n\n\n\n<p class=\"has-text-align-left has-black-color has-cyan-bluish-gray-background-color has-text-color has-background\">Promintra ist eine dynamische und professionelle spanische Firma die als Vertreter von weltweit t\u00e4tigen Firmen arbeitet.<br>Da wir B\u00fcros in Spanien und der Schweiz haben, bieten wir unsere Dienste als Vertreter in beiden L\u00e4ndern an.<\/p>\n\n\n\n<p class=\"has-text-align-left has-black-color has-cyan-bluish-gray-background-color has-text-color has-background\">Unser T\u00e4tigkeitsbereich in beiden M\u00e4rkten ist umfangreich. Unsere weitreichenden Kenntnisse der M\u00e4rkte bef\u00e4higen uns, die Verkaufsstrategien unserer Kunden erfolgreich umzusetzen.<\/p>\n\n\n\n<p class=\"has-text-align-left has-black-color has-cyan-bluish-gray-background-color has-text-color has-background\">In \u00fcber f\u00fcnfzig Jahren Gesch\u00e4ftst\u00e4tigkeit haben wir mit vielen f\u00fchrenden Firmen und Unternehmen Kontakte gekn\u00fcpft.<\/p>\n\n\n\n<p class=\"has-text-align-left has-black-color has-cyan-bluish-gray-background-color has-text-color has-background\">Unsere B\u00fcros sind in Barcelona und in Z\u00fcrich.<\/p>\n","protected":false},"excerpt":{"rendered":"<p>HANDELSVERTRETER F\u00dcR UNTERNEHMEN AUF DER GANZEN WELT Promintra ist eine dynamische und professionelle spanische Firma die als Vertreter von weltweit t\u00e4tigen Firmen arbeitet.Da wir B\u00fcros in Spanien und der Schweiz haben, bieten wir unsere Dienste als Vertreter in beiden L\u00e4ndern an. Unser T\u00e4tigkeitsbereich in beiden M\u00e4rkten ist umfangreich. Unsere weitreichenden Kenntnisse der M\u00e4rkte bef\u00e4higen uns, &hellip; <a href=\"https:\/\/promintra.eu\/index.php\/de\/agentur-von-weltweit-tatigen-firmen\" class=\"more-link\">Seguir leyendo <span class=\"screen-reader-text\">AGENTUR VON WELTWEIT T\u00c4TIGEN FIRMEN<\/span> <span class=\"meta-nav\">&rarr;<\/span><\/a><\/p>\n","protected":false},"author":1,"featured_media":0,"parent":0,"menu_order":1,"comment_status":"closed","ping_status":"closed","template":"","meta":{"footnotes":""},"class_list":["post-185","page","type-page","status-publish","hentry"],"_links":{"self":[{"href":"https:\/\/promintra.eu\/index.php\/wp-json\/wp\/v2\/pages\/185","targetHints":{"allow":["GET"]}}],"collection":[{"href":"https:\/\/promintra.eu\/index.php\/wp-json\/wp\/v2\/pages"}],"about":[{"href":"https:\/\/promintra.eu\/index.php\/wp-json\/wp\/v2\/types\/page"}],"author":[{"embeddable":true,"href":"https:\/\/promintra.eu\/index.php\/wp-json\/wp\/v2\/users\/1"}],"replies":[{"embeddable":true,"href":"https:\/\/promintra.eu\/index.php\/wp-json\/wp\/v2\/comments?post=185"}],"version-history":[{"count":2,"href":"https:\/\/promintra.eu\/index.php\/wp-json\/wp\/v2\/pages\/185\/revisions"}],"predecessor-version":[{"id":282,"href":"https:\/\/promintra.eu\/index.php\/wp-json\/wp\/v2\/pages\/185\/revisions\/282"}],"wp:attachment":[{"href":"https:\/\/promintra.eu\/index.php\/wp-json\/wp\/v2\/media?parent=185"}],"curies":[{"name":"wp","href":"https:\/\/api.w.org\/{rel}","templated":true}]}}