{"id":180,"date":"2021-11-11T15:01:52","date_gmt":"2021-11-11T15:01:52","guid":{"rendered":"https:\/\/promintra.eu\/?page_id=180"},"modified":"2021-11-11T15:02:02","modified_gmt":"2021-11-11T15:02:02","slug":"contacto","status":"publish","type":"page","link":"https:\/\/promintra.eu\/index.php\/es\/contacto","title":{"rendered":"CONTACTO"},"content":{"rendered":"\n<p>Por favor, seleccione el departamento al que desea dirigirse y haga clic en la direcci\u00f3n de email de dicho departamento para ponerse en contacto con nosotros.<\/p>\n\n\n\n<p>A la mayor brevedad posible responderemos a su mensaje.<\/p>\n\n\n\n<ul class=\"wp-block-list\"><li>Divisi\u00f3n Industrial &#8211; <a href=\"mailto:industrial@promintra.com\" data-type=\"mailto\" data-id=\"mailto:industrial@promintra.com\">industrial@promintra.com<\/a><\/li><li>Divisi\u00f3n Textil &#8211; <a href=\"mailto:textil@promintra.com\" data-type=\"mailto\" data-id=\"mailto:textil@promintra.com\">textil@promintra.com<\/a><\/li><li>Divisi\u00f3n Art\u00edculos de Consumo &#8211; <a href=\"mailto:consumo@promintra.eu\" data-type=\"mailto\" data-id=\"mailto:consumo@promintra.eu\">consumo@promintra.eu<\/a><\/li><\/ul>\n\n\n\n<p><\/p>\n","protected":false},"excerpt":{"rendered":"<p>Por favor, seleccione el departamento al que desea dirigirse y haga clic en la direcci\u00f3n de email de dicho departamento para ponerse en contacto con nosotros. A la mayor brevedad posible responderemos a su mensaje. Divisi\u00f3n Industrial &#8211; industrial@promintra.com Divisi\u00f3n Textil &#8211; textil@promintra.com Divisi\u00f3n Art\u00edculos de Consumo &#8211; consumo@promintra.eu<\/p>\n","protected":false},"author":1,"featured_media":0,"parent":0,"menu_order":0,"comment_status":"closed","ping_status":"closed","template":"","meta":{"footnotes":""},"class_list":["post-180","page","type-page","status-publish","hentry"],"_links":{"self":[{"href":"https:\/\/promintra.eu\/index.php\/wp-json\/wp\/v2\/pages\/180","targetHints":{"allow":["GET"]}}],"collection":[{"href":"https:\/\/promintra.eu\/index.php\/wp-json\/wp\/v2\/pages"}],"about":[{"href":"https:\/\/promintra.eu\/index.php\/wp-json\/wp\/v2\/types\/page"}],"author":[{"embeddable":true,"href":"https:\/\/promintra.eu\/index.php\/wp-json\/wp\/v2\/users\/1"}],"replies":[{"embeddable":true,"href":"https:\/\/promintra.eu\/index.php\/wp-json\/wp\/v2\/comments?post=180"}],"version-history":[{"count":1,"href":"https:\/\/promintra.eu\/index.php\/wp-json\/wp\/v2\/pages\/180\/revisions"}],"predecessor-version":[{"id":181,"href":"https:\/\/promintra.eu\/index.php\/wp-json\/wp\/v2\/pages\/180\/revisions\/181"}],"wp:attachment":[{"href":"https:\/\/promintra.eu\/index.php\/wp-json\/wp\/v2\/media?parent=180"}],"curies":[{"name":"wp","href":"https:\/\/api.w.org\/{rel}","templated":true}]}}