{"id":175,"date":"2021-11-11T14:52:01","date_gmt":"2021-11-11T14:52:01","guid":{"rendered":"https:\/\/promintra.eu\/?page_id=175"},"modified":"2026-04-16T11:57:29","modified_gmt":"2026-04-16T11:57:29","slug":"agencias-2","status":"publish","type":"page","link":"https:\/\/promintra.eu\/index.php\/es\/agencias-2","title":{"rendered":"AGENCIAS"},"content":{"rendered":"\n<h2 class=\"wp-block-heading has-text-color has-link-color wp-elements-183a39e5fdfdb00492255a85a0689aa9\" style=\"color:#142d49\">DIVISI\u00d3N INDUSTRIAL<\/h2>\n\n\n\n<ul class=\"wp-block-list\">\n<li>Filtros, puntas, bolas, tintas, recambios y m\u00e1quinas autom\u00e1ticas de montaje para toda clase de art\u00edculos de escritura<\/li>\n\n\n\n<li>Mechas para ambientadores<\/li>\n\n\n\n<li>Filtros con diferentes aplicaciones en el campo m\u00e9dico y cient\u00edfico\/anal\u00edtico<\/li>\n<\/ul>\n\n\n\n<h2 class=\"wp-block-heading has-text-color has-link-color wp-elements-eb05c9b7194c61ad90cddfd1f1962656\" style=\"color:#142d49\">DIVISI\u00d3N ART\u00cdCULOS DE CONSUMO<\/h2>\n\n\n\n<ul class=\"wp-block-list\">\n<li>Marcadores, bol\u00edgrafos, rollers<\/li>\n\n\n\n<li>Pastillas, l\u00edquidos y gel de encendido para barbacoas y estufas<\/li>\n\n\n\n<li>Le\u00f1os y art\u00edculos de limpieza para barbacoas y estufas<\/li>\n\n\n\n<li>Filtros de agua<\/li>\n<\/ul>\n\n\n\n<h2 class=\"wp-block-heading has-text-color has-link-color wp-elements-f0a236293ecebd7d7d85283bc8f1e2df\" style=\"color:#142d49\">DIVISI\u00d3N TEXTIL-HOGAR<\/h2>\n\n\n\n<ul class=\"wp-block-list\">\n<li>Toallas y albornoces<\/li>\n<\/ul>\n\n\n\n<h2 class=\"wp-block-heading has-text-color has-link-color wp-elements-c106b58762e5a63cb49fb5147ff46299\" style=\"color:#142d49\">DIVISI\u00d3N DISTRIBUIDOR MUSICAL<\/h2>\n\n\n\n<ul class=\"wp-block-list\">\n<li class=\"has-text-color has-link-color wp-elements-1d837fc31186bf1552e905e15dbcbf7b\" style=\"color:#376ca1\"><a href=\"https:\/\/promintra.eu\/index.php\/es\/tonedistrict-el-hogar-del-tono-boutique-en-europa\" data-type=\"link\" data-id=\"https:\/\/promintra.eu\/index.php\/es\/distribucion-oficial-veritas-guitars\"><strong>ToneDistrict<\/strong><\/a><\/li>\n<\/ul>\n\n\n\n<p><\/p>\n","protected":false},"excerpt":{"rendered":"<p>DIVISI\u00d3N INDUSTRIAL DIVISI\u00d3N ART\u00cdCULOS DE CONSUMO DIVISI\u00d3N TEXTIL-HOGAR DIVISI\u00d3N DISTRIBUIDOR MUSICAL<\/p>\n","protected":false},"author":1,"featured_media":0,"parent":0,"menu_order":0,"comment_status":"closed","ping_status":"closed","template":"","meta":{"footnotes":""},"class_list":["post-175","page","type-page","status-publish","hentry"],"_links":{"self":[{"href":"https:\/\/promintra.eu\/index.php\/wp-json\/wp\/v2\/pages\/175","targetHints":{"allow":["GET"]}}],"collection":[{"href":"https:\/\/promintra.eu\/index.php\/wp-json\/wp\/v2\/pages"}],"about":[{"href":"https:\/\/promintra.eu\/index.php\/wp-json\/wp\/v2\/types\/page"}],"author":[{"embeddable":true,"href":"https:\/\/promintra.eu\/index.php\/wp-json\/wp\/v2\/users\/1"}],"replies":[{"embeddable":true,"href":"https:\/\/promintra.eu\/index.php\/wp-json\/wp\/v2\/comments?post=175"}],"version-history":[{"count":7,"href":"https:\/\/promintra.eu\/index.php\/wp-json\/wp\/v2\/pages\/175\/revisions"}],"predecessor-version":[{"id":573,"href":"https:\/\/promintra.eu\/index.php\/wp-json\/wp\/v2\/pages\/175\/revisions\/573"}],"wp:attachment":[{"href":"https:\/\/promintra.eu\/index.php\/wp-json\/wp\/v2\/media?parent=175"}],"curies":[{"name":"wp","href":"https:\/\/api.w.org\/{rel}","templated":true}]}}