{"id":165,"date":"2021-11-11T14:34:45","date_gmt":"2021-11-11T14:34:45","guid":{"rendered":"https:\/\/promintra.eu\/?page_id=165"},"modified":"2023-05-12T09:04:19","modified_gmt":"2023-05-12T09:04:19","slug":"importacion-2","status":"publish","type":"page","link":"https:\/\/promintra.eu\/index.php\/es\/importacion-2","title":{"rendered":"IMPORTACI\u00d3N"},"content":{"rendered":"\n<p>Desde los a\u00f1os 80 Promintra ya comenz\u00f3 con la importaci\u00f3n de m\u00e1quinas de limpieza desde Italia, pero con la entrada de uno de los socios actuales en el a\u00f1o 1992, esta \u00e1rea comenz\u00f3 a tomar m\u00e1s y m\u00e1s fuerza. Hoy en d\u00eda Promintra es conocida en toda Espa\u00f1a, ya sea bajo el nombre de la empresa o bajo el nombre comercial \u201cMenaje.net\u201d, como un proveedor de confianza a nivel de art\u00edculos de menaje de cocina, menaje de casa, peque\u00f1os electrodom\u00e9sticos y art\u00edculos para promociones. En los diferentes cat\u00e1logos de los fabricantes con los que Promintra trabaja en Espa\u00f1a en exclusiva hay un total de m\u00e1s de 13.000 art\u00edculos.<\/p>\n\n\n\n<p>Los art\u00edculos en la gama menaje de cocina (bater\u00edas, cuberter\u00edas, cuchiller\u00eda y otros utensilios) normalmente est\u00e1n disponibles inmediatamente desde nuestro almac\u00e9n para un servicio en 24 horas. Los otros art\u00edculos los servimos en muchas ocasiones directamente desde nuestros almacenes en el norte de Europa. Para la tranquilidad de los clientes y para que tengan siempre precios de transporte muy competitivos, siempre se ofrece un servicio puerta-puerta y un tiempo de entrega de menos de 1 semana.<\/p>\n\n\n\n<p>Todos los art\u00edculos que Promintra comercializa, tienen algo en com\u00fan: Todos ellos tienen la mejor relaci\u00f3n calidad\/precio que se puede encontrar en el conjunto del mercado espa\u00f1ol. Es por esta raz\u00f3n que ya durante a\u00f1os nuestro eslogan es\u2026 \u201cEl mejor menaje al mejor precio\u201d.<\/p>\n\n\n\n<p><\/p>\n","protected":false},"excerpt":{"rendered":"<p>Desde los a\u00f1os 80 Promintra ya comenz\u00f3 con la importaci\u00f3n de m\u00e1quinas de limpieza desde Italia, pero con la entrada de uno de los socios actuales en el a\u00f1o 1992, esta \u00e1rea comenz\u00f3 a tomar m\u00e1s y m\u00e1s fuerza. Hoy en d\u00eda Promintra es conocida en toda Espa\u00f1a, ya sea bajo el nombre de la &hellip; <a href=\"https:\/\/promintra.eu\/index.php\/es\/importacion-2\" class=\"more-link\">Seguir leyendo <span class=\"screen-reader-text\">IMPORTACI\u00d3N<\/span> <span class=\"meta-nav\">&rarr;<\/span><\/a><\/p>\n","protected":false},"author":1,"featured_media":0,"parent":0,"menu_order":0,"comment_status":"closed","ping_status":"closed","template":"","meta":{"footnotes":""},"class_list":["post-165","page","type-page","status-publish","hentry"],"_links":{"self":[{"href":"https:\/\/promintra.eu\/index.php\/wp-json\/wp\/v2\/pages\/165","targetHints":{"allow":["GET"]}}],"collection":[{"href":"https:\/\/promintra.eu\/index.php\/wp-json\/wp\/v2\/pages"}],"about":[{"href":"https:\/\/promintra.eu\/index.php\/wp-json\/wp\/v2\/types\/page"}],"author":[{"embeddable":true,"href":"https:\/\/promintra.eu\/index.php\/wp-json\/wp\/v2\/users\/1"}],"replies":[{"embeddable":true,"href":"https:\/\/promintra.eu\/index.php\/wp-json\/wp\/v2\/comments?post=165"}],"version-history":[{"count":3,"href":"https:\/\/promintra.eu\/index.php\/wp-json\/wp\/v2\/pages\/165\/revisions"}],"predecessor-version":[{"id":298,"href":"https:\/\/promintra.eu\/index.php\/wp-json\/wp\/v2\/pages\/165\/revisions\/298"}],"wp:attachment":[{"href":"https:\/\/promintra.eu\/index.php\/wp-json\/wp\/v2\/media?parent=165"}],"curies":[{"name":"wp","href":"https:\/\/api.w.org\/{rel}","templated":true}]}}